{"id":187,"date":"2023-03-19T19:52:28","date_gmt":"2023-03-19T22:52:28","guid":{"rendered":"https:\/\/spinstitucional.com.br\/sports\/?page_id=187"},"modified":"2023-03-19T19:52:28","modified_gmt":"2023-03-19T22:52:28","slug":"politica-de-compras","status":"publish","type":"page","link":"https:\/\/spinstitucional.com.br\/sports\/politica-de-compras\/","title":{"rendered":"Pol\u00edtica de Compras"},"content":{"rendered":"<p>Para comprar em nossa loja \u00e9 muito f\u00e1cil:<\/p>\n<p>I &#8211; Basta navegar entre as p\u00e1ginas de produtos e categorias, clique em Ver Op\u00e7\u00f5es para maiores informa\u00e7\u00f5es sobre o produto, clique sobre o \u00edcone Comprar. Ap\u00f3s isso o produto ser\u00e1 inserido em seu carrinho de compras.<br \/>\nII &#8211; Continue navegando em nosso site at\u00e9 escolher todos os produtos que voc\u00ea deseja adquirir. Agora basta clicar no carrinho de compras e no link a direita Finalizar que voc\u00ea estar\u00e1 concluindo sua compra.<br \/>\nIII &#8211; Agora entre com o seu e-mail e senha. Caso n\u00e3o for cadastrado, cadastre-se rapidamente clicando no link de Cadastro.<br \/>\nIV &#8211; Feito isso, escolha a forma de envio do produto.<br \/>\nV &#8211; Agora basta escolher a forma de pagamento.<br \/>\nVI &#8211; Demais instru\u00e7\u00f5es ser\u00e3o enviadas via e-mail para voc\u00ea ap\u00f3s a finaliza\u00e7\u00e3o de sua venda.<\/p>\n<h2>FORMAS DE PAGAMENTO<\/h2>\n<p>Trabalhamos com diversas formas de pagamento.<\/p>\n<p>Assim que finalizar sua compra, voc\u00ea poder\u00e1 escolher qual a forma que mais lhe agrada. Demais instru\u00e7\u00f5es ser\u00e3o passadas ap\u00f3s a escolha da forma de pagamento.<\/p>\n<h3>Cart\u00e3o de cr\u00e9dito \/ d\u00e9bito:<\/h3>\n<p>As seguintes bandeiras ser\u00e3o aceitas: VISA, MasterCard, Amex, Cabal, Hiper, HiperCard.<\/p>\n<h3>Pix:<\/h3>\n<p>Ao finalizar a compra, \u00e9 gerado o c\u00f3digo pix para realizar o pagamento.<\/p>\n<h3>Boleto Banc\u00e1rio \u00e1 Vista:<\/h3>\n<p>Somente pagamento a vista. O boleto ser\u00e1 gerado automaticamente no site. O cliente dever\u00e1 efetuar o pagamento em no m\u00e1ximo 3 dias \u00fateis, ap\u00f3s este per\u00edodo o pedido ser\u00e1 exclu\u00eddo do sistema e o pagamento do boleto n\u00e3o ser\u00e1 mais aceito. Caso o cliente ainda queira efetuar a compra dever\u00e1 fazer o pedido novamente.<br \/>\nAo optar por essa forma de pagamento o pedido s\u00f3 ser\u00e1 despachado ap\u00f3s a confirma\u00e7\u00e3o do pagamento.<\/p>\n<h2>FORMAS DE ENVIO DO PEDIDO<\/h2>\n<p>Existem duas formas: Correios e Transportadoras, essas informa\u00e7\u00f5es ser\u00e3o repassadas no momento da compra.<\/p>\n<h2>PRAZO DE FATURAMENTO DO PEDIDO<\/h2>\n<p>Todos os produtos ser\u00e3o enviados de acordo com a forma escolhida pelo cliente, em at\u00e9 1 dia \u00fatil ap\u00f3s a confirma\u00e7\u00e3o do pagamento. Pedidos realizados no site ap\u00f3s as 17:00 horas ser\u00e3o processados no pr\u00f3ximo dia \u00fatil.<\/p>\n<h2>PRAZO DE ENTREGA DO PEDIDO<\/h2>\n<p>O prazo de entrega varia de acordo com a forma de envio escolhida.<br \/>\nVoc\u00ea ser\u00e1 informado do c\u00f3digo para rastrear sua encomenda atrav\u00e9s do site dos correios ou transportadora assim que o pedido for postado.<\/p>\n","protected":false},"excerpt":{"rendered":"<p>Para comprar em nossa loja \u00e9 muito f\u00e1cil: I &#8211; Basta navegar entre as p\u00e1ginas de produtos e categorias, clique em Ver Op\u00e7\u00f5es para maiores informa\u00e7\u00f5es sobre o produto, clique sobre o \u00edcone Comprar. Ap\u00f3s isso o produto ser\u00e1 inserido em seu carrinho de compras. II &#8211; Continue navegando em nosso site at\u00e9 escolher todos&hellip;<\/p>\n","protected":false},"author":2,"featured_media":0,"parent":0,"menu_order":0,"comment_status":"closed","ping_status":"closed","template":"","meta":{"_joinchat":[],"footnotes":""},"class_list":["post-187","page","type-page","status-publish","hentry","entry","no-media"],"yoast_head":"<!-- This site is optimized with the Yoast SEO plugin v27.4 - https:\/\/yoast.com\/product\/yoast-seo-wordpress\/ -->\n<title>Pol\u00edtica de Compras - SP Sports<\/title>\n<meta name=\"robots\" content=\"index, follow, max-snippet:-1, max-image-preview:large, max-video-preview:-1\" \/>\n<link rel=\"canonical\" href=\"https:\/\/spinstitucional.com.br\/sports\/politica-de-compras\/\" \/>\n<meta property=\"og:locale\" content=\"pt_BR\" \/>\n<meta property=\"og:type\" content=\"article\" \/>\n<meta property=\"og:title\" content=\"Pol\u00edtica de Compras - SP Sports\" \/>\n<meta property=\"og:description\" content=\"Para comprar em nossa loja \u00e9 muito f\u00e1cil: I &#8211; Basta navegar entre as p\u00e1ginas de produtos e categorias, clique em Ver Op\u00e7\u00f5es para maiores informa\u00e7\u00f5es sobre o produto, clique sobre o \u00edcone Comprar. Ap\u00f3s isso o produto ser\u00e1 inserido em seu carrinho de compras. II &#8211; Continue navegando em nosso site at\u00e9 escolher todos&hellip;\" \/>\n<meta property=\"og:url\" content=\"https:\/\/spinstitucional.com.br\/sports\/politica-de-compras\/\" \/>\n<meta property=\"og:site_name\" content=\"SP Sports\" \/>\n<meta property=\"article:publisher\" content=\"https:\/\/www.facebook.com\/spsports1\" \/>\n<meta name=\"twitter:card\" content=\"summary_large_image\" \/>\n<meta name=\"twitter:label1\" content=\"Est. tempo de leitura\" \/>\n\t<meta name=\"twitter:data1\" content=\"2 minutos\" \/>\n<script type=\"application\/ld+json\" class=\"yoast-schema-graph\">{\"@context\":\"https:\\\/\\\/schema.org\",\"@graph\":[{\"@type\":\"WebPage\",\"@id\":\"https:\\\/\\\/spinstitucional.com.br\\\/sports\\\/politica-de-compras\\\/\",\"url\":\"https:\\\/\\\/spinstitucional.com.br\\\/sports\\\/politica-de-compras\\\/\",\"name\":\"Pol\u00edtica de Compras - SP Sports\",\"isPartOf\":{\"@id\":\"https:\\\/\\\/spinstitucional.com.br\\\/sports\\\/#website\"},\"datePublished\":\"2023-03-19T22:52:28+00:00\",\"breadcrumb\":{\"@id\":\"https:\\\/\\\/spinstitucional.com.br\\\/sports\\\/politica-de-compras\\\/#breadcrumb\"},\"inLanguage\":\"pt-BR\",\"potentialAction\":[{\"@type\":\"ReadAction\",\"target\":[\"https:\\\/\\\/spinstitucional.com.br\\\/sports\\\/politica-de-compras\\\/\"]}]},{\"@type\":\"BreadcrumbList\",\"@id\":\"https:\\\/\\\/spinstitucional.com.br\\\/sports\\\/politica-de-compras\\\/#breadcrumb\",\"itemListElement\":[{\"@type\":\"ListItem\",\"position\":1,\"name\":\"In\u00edcio\",\"item\":\"https:\\\/\\\/spinstitucional.com.br\\\/sports\\\/\"},{\"@type\":\"ListItem\",\"position\":2,\"name\":\"Pol\u00edtica de Compras\"}]},{\"@type\":\"WebSite\",\"@id\":\"https:\\\/\\\/spinstitucional.com.br\\\/sports\\\/#website\",\"url\":\"https:\\\/\\\/spinstitucional.com.br\\\/sports\\\/\",\"name\":\"SP Sports\",\"description\":\"Loja De Artigos Esportivos !\",\"publisher\":{\"@id\":\"https:\\\/\\\/spinstitucional.com.br\\\/sports\\\/#organization\"},\"potentialAction\":[{\"@type\":\"SearchAction\",\"target\":{\"@type\":\"EntryPoint\",\"urlTemplate\":\"https:\\\/\\\/spinstitucional.com.br\\\/sports\\\/?s={search_term_string}\"},\"query-input\":{\"@type\":\"PropertyValueSpecification\",\"valueRequired\":true,\"valueName\":\"search_term_string\"}}],\"inLanguage\":\"pt-BR\"},{\"@type\":\"Organization\",\"@id\":\"https:\\\/\\\/spinstitucional.com.br\\\/sports\\\/#organization\",\"name\":\"SP Sports\",\"url\":\"https:\\\/\\\/spinstitucional.com.br\\\/sports\\\/\",\"logo\":{\"@type\":\"ImageObject\",\"inLanguage\":\"pt-BR\",\"@id\":\"https:\\\/\\\/spinstitucional.com.br\\\/sports\\\/#\\\/schema\\\/logo\\\/image\\\/\",\"url\":\"https:\\\/\\\/spinstitucional.com.br\\\/sports\\\/wp-content\\\/uploads\\\/2023\\\/03\\\/logo-sp-sports-150x75-1.png\",\"contentUrl\":\"https:\\\/\\\/spinstitucional.com.br\\\/sports\\\/wp-content\\\/uploads\\\/2023\\\/03\\\/logo-sp-sports-150x75-1.png\",\"width\":150,\"height\":75,\"caption\":\"SP Sports\"},\"image\":{\"@id\":\"https:\\\/\\\/spinstitucional.com.br\\\/sports\\\/#\\\/schema\\\/logo\\\/image\\\/\"},\"sameAs\":[\"https:\\\/\\\/www.facebook.com\\\/spsports1\",\"https:\\\/\\\/www.instagram.com\\\/sp__sports\\\/\"]}]}<\/script>\n<!-- \/ Yoast SEO plugin. -->","yoast_head_json":{"title":"Pol\u00edtica de Compras - SP Sports","robots":{"index":"index","follow":"follow","max-snippet":"max-snippet:-1","max-image-preview":"max-image-preview:large","max-video-preview":"max-video-preview:-1"},"canonical":"https:\/\/spinstitucional.com.br\/sports\/politica-de-compras\/","og_locale":"pt_BR","og_type":"article","og_title":"Pol\u00edtica de Compras - SP Sports","og_description":"Para comprar em nossa loja \u00e9 muito f\u00e1cil: I &#8211; Basta navegar entre as p\u00e1ginas de produtos e categorias, clique em Ver Op\u00e7\u00f5es para maiores informa\u00e7\u00f5es sobre o produto, clique sobre o \u00edcone Comprar. Ap\u00f3s isso o produto ser\u00e1 inserido em seu carrinho de compras. II &#8211; Continue navegando em nosso site at\u00e9 escolher todos&hellip;","og_url":"https:\/\/spinstitucional.com.br\/sports\/politica-de-compras\/","og_site_name":"SP Sports","article_publisher":"https:\/\/www.facebook.com\/spsports1","twitter_card":"summary_large_image","twitter_misc":{"Est. tempo de leitura":"2 minutos"},"schema":{"@context":"https:\/\/schema.org","@graph":[{"@type":"WebPage","@id":"https:\/\/spinstitucional.com.br\/sports\/politica-de-compras\/","url":"https:\/\/spinstitucional.com.br\/sports\/politica-de-compras\/","name":"Pol\u00edtica de Compras - SP Sports","isPartOf":{"@id":"https:\/\/spinstitucional.com.br\/sports\/#website"},"datePublished":"2023-03-19T22:52:28+00:00","breadcrumb":{"@id":"https:\/\/spinstitucional.com.br\/sports\/politica-de-compras\/#breadcrumb"},"inLanguage":"pt-BR","potentialAction":[{"@type":"ReadAction","target":["https:\/\/spinstitucional.com.br\/sports\/politica-de-compras\/"]}]},{"@type":"BreadcrumbList","@id":"https:\/\/spinstitucional.com.br\/sports\/politica-de-compras\/#breadcrumb","itemListElement":[{"@type":"ListItem","position":1,"name":"In\u00edcio","item":"https:\/\/spinstitucional.com.br\/sports\/"},{"@type":"ListItem","position":2,"name":"Pol\u00edtica de Compras"}]},{"@type":"WebSite","@id":"https:\/\/spinstitucional.com.br\/sports\/#website","url":"https:\/\/spinstitucional.com.br\/sports\/","name":"SP Sports","description":"Loja De Artigos Esportivos !","publisher":{"@id":"https:\/\/spinstitucional.com.br\/sports\/#organization"},"potentialAction":[{"@type":"SearchAction","target":{"@type":"EntryPoint","urlTemplate":"https:\/\/spinstitucional.com.br\/sports\/?s={search_term_string}"},"query-input":{"@type":"PropertyValueSpecification","valueRequired":true,"valueName":"search_term_string"}}],"inLanguage":"pt-BR"},{"@type":"Organization","@id":"https:\/\/spinstitucional.com.br\/sports\/#organization","name":"SP Sports","url":"https:\/\/spinstitucional.com.br\/sports\/","logo":{"@type":"ImageObject","inLanguage":"pt-BR","@id":"https:\/\/spinstitucional.com.br\/sports\/#\/schema\/logo\/image\/","url":"https:\/\/spinstitucional.com.br\/sports\/wp-content\/uploads\/2023\/03\/logo-sp-sports-150x75-1.png","contentUrl":"https:\/\/spinstitucional.com.br\/sports\/wp-content\/uploads\/2023\/03\/logo-sp-sports-150x75-1.png","width":150,"height":75,"caption":"SP Sports"},"image":{"@id":"https:\/\/spinstitucional.com.br\/sports\/#\/schema\/logo\/image\/"},"sameAs":["https:\/\/www.facebook.com\/spsports1","https:\/\/www.instagram.com\/sp__sports\/"]}]}},"_links":{"self":[{"href":"https:\/\/spinstitucional.com.br\/sports\/wp-json\/wp\/v2\/pages\/187","targetHints":{"allow":["GET"]}}],"collection":[{"href":"https:\/\/spinstitucional.com.br\/sports\/wp-json\/wp\/v2\/pages"}],"about":[{"href":"https:\/\/spinstitucional.com.br\/sports\/wp-json\/wp\/v2\/types\/page"}],"author":[{"embeddable":true,"href":"https:\/\/spinstitucional.com.br\/sports\/wp-json\/wp\/v2\/users\/2"}],"replies":[{"embeddable":true,"href":"https:\/\/spinstitucional.com.br\/sports\/wp-json\/wp\/v2\/comments?post=187"}],"version-history":[{"count":1,"href":"https:\/\/spinstitucional.com.br\/sports\/wp-json\/wp\/v2\/pages\/187\/revisions"}],"predecessor-version":[{"id":188,"href":"https:\/\/spinstitucional.com.br\/sports\/wp-json\/wp\/v2\/pages\/187\/revisions\/188"}],"wp:attachment":[{"href":"https:\/\/spinstitucional.com.br\/sports\/wp-json\/wp\/v2\/media?parent=187"}],"curies":[{"name":"wp","href":"https:\/\/api.w.org\/{rel}","templated":true}]}}