{"id":334,"date":"2023-03-24T09:34:02","date_gmt":"2023-03-24T12:34:02","guid":{"rendered":"https:\/\/spinstitucional.com.br\/sports\/produto\/kit-4-camiseta-esportiva-academia-treino-protecao-solar-uv-50\/"},"modified":"2023-10-04T15:43:04","modified_gmt":"2023-10-04T18:43:04","slug":"kit-4-camiseta-esportiva-academia-treino-protecao-solar-uv-50","status":"publish","type":"product","link":"https:\/\/spinstitucional.com.br\/sports\/produto\/kit-4-camiseta-esportiva-academia-treino-protecao-solar-uv-50\/","title":{"rendered":"Kit 4 Camiseta Esportiva Academia Treino Prote\u00e7\u00e3o Solar UV 50+"},"content":{"rendered":"<p class=\"MsoNormal\"><span style=\"font-size: 12pt; line-height: 17.12px; font-family: Arial, sans-serif;\">ENVIO IMEDIATO PARA TODO O BRASIL<\/span><\/p>\n<p class=\"MsoNormal\"><span style=\"font-size: 12pt; line-height: 17.12px; font-family: Arial, sans-serif;\">Kit 4 Camisetas Academia Esportiva Prote\u00e7\u00e3o Solar UV 50+<\/span><\/p>\n<p class=\"MsoNormal\"><span style=\"font-size: 12pt; line-height: 17.12px; font-family: Arial, sans-serif;\">\u00a0<\/span><\/p>\n<p class=\"MsoNormal\"><span style=\"font-size: 12pt; line-height: 17.12px; font-family: Arial, sans-serif;\">Descri\u00e7\u00e3o T\u00e9cnica<\/span><\/p>\n<p class=\"MsoNormal\"><span style=\"font-size: 12pt; line-height: 17.12px; font-family: Arial, sans-serif;\">A Camiseta Slim Dry SP Sports, \u00e9 uma pe\u00e7a funcional e minimalista, que possui um design leve e benef\u00edcios tecnol\u00f3gicos, que proporcionam conforto e potencializam seu desempenho esportivo.<\/span><\/p>\n<p class=\"MsoNormal\"><span style=\"font-size: 12pt; line-height: 17.12px; font-family: Arial, sans-serif;\">S\u00e3o confeccionadas em Poliamida com Elastano, oferecem conforto, excelente elasticidade, toque macio e gelado.<\/span><\/p>\n<p class=\"MsoNormal\"><span style=\"font-size: 12pt; line-height: 17.12px; font-family: Arial, sans-serif;\">\u00c9 perfeitamente vers\u00e1til para v\u00e1rias ocasi\u00f5es, como para o treino, academia, passeio, ciclismo e todas as atividades esportivas.<\/span><\/p>\n<p class=\"MsoNormal\"><span style=\"font-size: 12pt; line-height: 17.12px; font-family: Arial, sans-serif;\">\u00a0<\/span><\/p>\n<p class=\"MsoNormal\"><span style=\"font-size: 12pt; line-height: 17.12px; font-family: Arial, sans-serif;\">Benef\u00edcios<\/span><\/p>\n<p class=\"MsoNormal\"><span style=\"font-size: 12pt; line-height: 17.12px; font-family: Arial, sans-serif;\">Tecido tecnol\u00f3gico permite uma r\u00e1pida evapora\u00e7\u00e3o do suor tornando assim a camiseta anti odor, com a\u00e7\u00e3o antibacteriana que inibe a prolifera\u00e7\u00e3o de bact\u00e9rias, oferecendo tamb\u00e9m como diferencial respirabilidade e gerenciamento t\u00e9rmico regulando a temperatura corporal e a sensa\u00e7\u00e3o de abafamento.\u00a0\u00a0<\/span><\/p>\n<p class=\"MsoNormal\"><span style=\"font-size: 12pt; line-height: 17.12px; font-family: Arial, sans-serif;\">Prote\u00e7\u00e3o contra raios UV 50+ (mais alto n\u00edvel de bloqueio dos raios UVA e UVB do sol);<\/span><\/p>\n<p class=\"MsoNormal\"><span style=\"font-size: 12pt; line-height: 17.12px; font-family: Arial, sans-serif;\">N\u00e3o precisa passar;<\/span><\/p>\n<p class=\"MsoNormal\"><span style=\"font-size: 12pt; line-height: 17.12px; font-family: Arial, sans-serif;\">Tecido de alta durabilidade;<\/span><\/p>\n<p class=\"MsoNormal\"><span style=\"font-size: 12pt; line-height: 17.12px; font-family: Arial, sans-serif;\">Se ajusta muito bem ao corpo;<\/span><\/p>\n<p class=\"MsoNormal\"><span style=\"font-size: 12pt; line-height: 17.12px; font-family: Arial, sans-serif;\">Leve e estilosa;<\/span><\/p>\n<p class=\"MsoNormal\"><span style=\"font-size: 12pt; line-height: 17.12px; font-family: Arial, sans-serif;\">\u00a0<\/span><\/p>\n<p class=\"MsoNormal\"><span style=\"font-size: 12pt; line-height: 17.12px; font-family: Arial, sans-serif;\">Composi\u00e7\u00e3o:<\/span><\/p>\n<p class=\"MsoNormal\"><span style=\"font-size: 12pt; line-height: 17.12px; font-family: Arial, sans-serif;\">91% PA &#8211; Poliamida<\/span><\/p>\n<p class=\"MsoNormal\"><span style=\"font-size: 12pt; line-height: 17.12px; font-family: Arial, sans-serif;\">9% PUE &#8211; Elastano<\/span><\/p>\n<p class=\"MsoNormal\"><span style=\"font-size: 12pt; line-height: 17.12px; font-family: Arial, sans-serif;\">\u00a0<\/span><\/p>\n<p class=\"MsoNormal\"><span style=\"font-size: 12pt; line-height: 17.12px; font-family: Arial, sans-serif;\">Origem Nacional &#8211; Fabrica\u00e7\u00e3o Pr\u00f3pria<\/span><\/p>\n","protected":false},"excerpt":{"rendered":"<p>ENVIO IMEDIATO PARA TODO O BRASIL Kit 4 Camisetas Academia Esportiva Prote\u00e7\u00e3o Solar UV 50+ \u00a0 Descri\u00e7\u00e3o T\u00e9cnica A Camiseta Slim Dry SP Sports, \u00e9 uma pe\u00e7a funcional e minimalista, que possui um design leve e benef\u00edcios tecnol\u00f3gicos, que proporcionam conforto e potencializam seu desempenho esportivo. S\u00e3o confeccionadas em Poliamida com Elastano, oferecem conforto, excelente&hellip;<\/p>\n","protected":false},"featured_media":333,"comment_status":"open","ping_status":"closed","template":"","meta":{"_joinchat":[]},"product_brand":[],"product_cat":[45],"product_tag":[],"class_list":{"0":"post-334","1":"product","2":"type-product","3":"status-publish","4":"has-post-thumbnail","6":"product_cat-combos","7":"entry","8":"has-media","10":"first","11":"instock","12":"sale","13":"shipping-taxable","14":"purchasable","15":"product-type-variable"},"yoast_head":"<!-- This site is optimized with the Yoast SEO plugin v27.4 - https:\/\/yoast.com\/product\/yoast-seo-wordpress\/ -->\n<title>Kit 4 Camiseta Esportiva Academia Treino Prote\u00e7\u00e3o Solar UV 50+ - SP Sports<\/title>\n<meta name=\"robots\" content=\"index, follow, max-snippet:-1, max-image-preview:large, max-video-preview:-1\" \/>\n<link rel=\"canonical\" href=\"https:\/\/spinstitucional.com.br\/sports\/produto\/kit-4-camiseta-esportiva-academia-treino-protecao-solar-uv-50\/\" \/>\n<meta property=\"og:locale\" content=\"pt_BR\" \/>\n<meta property=\"og:type\" content=\"article\" \/>\n<meta property=\"og:title\" content=\"Kit 4 Camiseta Esportiva Academia Treino Prote\u00e7\u00e3o Solar UV 50+ - SP Sports\" \/>\n<meta property=\"og:description\" content=\"ENVIO IMEDIATO PARA TODO O BRASIL Kit 4 Camisetas Academia Esportiva Prote\u00e7\u00e3o Solar UV 50+ \u00a0 Descri\u00e7\u00e3o T\u00e9cnica A Camiseta Slim Dry SP Sports, \u00e9 uma pe\u00e7a funcional e minimalista, que possui um design leve e benef\u00edcios tecnol\u00f3gicos, que proporcionam conforto e potencializam seu desempenho esportivo. S\u00e3o confeccionadas em Poliamida com Elastano, oferecem conforto, excelente&hellip;\" \/>\n<meta property=\"og:url\" content=\"https:\/\/spinstitucional.com.br\/sports\/produto\/kit-4-camiseta-esportiva-academia-treino-protecao-solar-uv-50\/\" \/>\n<meta property=\"og:site_name\" content=\"SP Sports\" \/>\n<meta property=\"article:publisher\" content=\"https:\/\/www.facebook.com\/spsports1\" \/>\n<meta property=\"article:modified_time\" content=\"2023-10-04T18:43:04+00:00\" \/>\n<meta property=\"og:image\" content=\"https:\/\/spinstitucional.com.br\/sports\/wp-content\/uploads\/2023\/03\/15179652823_Combo_Camiseta_Esportiva_Unissex_Protecao_Solar_UV_50__Sp_Sport_Preta_Patch_Crystal_Edit_Core-1.jpg\" \/>\n\t<meta property=\"og:image:width\" content=\"1200\" \/>\n\t<meta property=\"og:image:height\" content=\"1200\" \/>\n\t<meta property=\"og:image:type\" content=\"image\/jpeg\" \/>\n<meta name=\"twitter:card\" content=\"summary_large_image\" \/>\n<meta name=\"twitter:label1\" content=\"Est. tempo de leitura\" \/>\n\t<meta name=\"twitter:data1\" content=\"1 minuto\" \/>\n<script type=\"application\/ld+json\" class=\"yoast-schema-graph\">{\"@context\":\"https:\\\/\\\/schema.org\",\"@graph\":[{\"@type\":\"WebPage\",\"@id\":\"https:\\\/\\\/spinstitucional.com.br\\\/sports\\\/produto\\\/kit-4-camiseta-esportiva-academia-treino-protecao-solar-uv-50\\\/\",\"url\":\"https:\\\/\\\/spinstitucional.com.br\\\/sports\\\/produto\\\/kit-4-camiseta-esportiva-academia-treino-protecao-solar-uv-50\\\/\",\"name\":\"Kit 4 Camiseta Esportiva Academia Treino Prote\u00e7\u00e3o Solar UV 50+ - SP Sports\",\"isPartOf\":{\"@id\":\"https:\\\/\\\/spinstitucional.com.br\\\/sports\\\/#website\"},\"primaryImageOfPage\":{\"@id\":\"https:\\\/\\\/spinstitucional.com.br\\\/sports\\\/produto\\\/kit-4-camiseta-esportiva-academia-treino-protecao-solar-uv-50\\\/#primaryimage\"},\"image\":{\"@id\":\"https:\\\/\\\/spinstitucional.com.br\\\/sports\\\/produto\\\/kit-4-camiseta-esportiva-academia-treino-protecao-solar-uv-50\\\/#primaryimage\"},\"thumbnailUrl\":\"https:\\\/\\\/spinstitucional.com.br\\\/sports\\\/wp-content\\\/uploads\\\/2023\\\/03\\\/15179652823_Combo_Camiseta_Esportiva_Unissex_Protecao_Solar_UV_50__Sp_Sport_Preta_Patch_Crystal_Edit_Core-1.jpg\",\"datePublished\":\"2023-03-24T12:34:02+00:00\",\"dateModified\":\"2023-10-04T18:43:04+00:00\",\"breadcrumb\":{\"@id\":\"https:\\\/\\\/spinstitucional.com.br\\\/sports\\\/produto\\\/kit-4-camiseta-esportiva-academia-treino-protecao-solar-uv-50\\\/#breadcrumb\"},\"inLanguage\":\"pt-BR\",\"potentialAction\":[{\"@type\":\"ReadAction\",\"target\":[\"https:\\\/\\\/spinstitucional.com.br\\\/sports\\\/produto\\\/kit-4-camiseta-esportiva-academia-treino-protecao-solar-uv-50\\\/\"]}]},{\"@type\":\"ImageObject\",\"inLanguage\":\"pt-BR\",\"@id\":\"https:\\\/\\\/spinstitucional.com.br\\\/sports\\\/produto\\\/kit-4-camiseta-esportiva-academia-treino-protecao-solar-uv-50\\\/#primaryimage\",\"url\":\"https:\\\/\\\/spinstitucional.com.br\\\/sports\\\/wp-content\\\/uploads\\\/2023\\\/03\\\/15179652823_Combo_Camiseta_Esportiva_Unissex_Protecao_Solar_UV_50__Sp_Sport_Preta_Patch_Crystal_Edit_Core-1.jpg\",\"contentUrl\":\"https:\\\/\\\/spinstitucional.com.br\\\/sports\\\/wp-content\\\/uploads\\\/2023\\\/03\\\/15179652823_Combo_Camiseta_Esportiva_Unissex_Protecao_Solar_UV_50__Sp_Sport_Preta_Patch_Crystal_Edit_Core-1.jpg\",\"width\":1200,\"height\":1200},{\"@type\":\"BreadcrumbList\",\"@id\":\"https:\\\/\\\/spinstitucional.com.br\\\/sports\\\/produto\\\/kit-4-camiseta-esportiva-academia-treino-protecao-solar-uv-50\\\/#breadcrumb\",\"itemListElement\":[{\"@type\":\"ListItem\",\"position\":1,\"name\":\"In\u00edcio\",\"item\":\"https:\\\/\\\/spinstitucional.com.br\\\/sports\\\/\"},{\"@type\":\"ListItem\",\"position\":2,\"name\":\"Loja\",\"item\":\"https:\\\/\\\/spinstitucional.com.br\\\/sports\\\/loja\\\/\"},{\"@type\":\"ListItem\",\"position\":3,\"name\":\"Kit 4 Camiseta Esportiva Academia Treino Prote\u00e7\u00e3o Solar UV 50+\"}]},{\"@type\":\"WebSite\",\"@id\":\"https:\\\/\\\/spinstitucional.com.br\\\/sports\\\/#website\",\"url\":\"https:\\\/\\\/spinstitucional.com.br\\\/sports\\\/\",\"name\":\"SP Sports\",\"description\":\"Loja De Artigos Esportivos !\",\"publisher\":{\"@id\":\"https:\\\/\\\/spinstitucional.com.br\\\/sports\\\/#organization\"},\"potentialAction\":[{\"@type\":\"SearchAction\",\"target\":{\"@type\":\"EntryPoint\",\"urlTemplate\":\"https:\\\/\\\/spinstitucional.com.br\\\/sports\\\/?s={search_term_string}\"},\"query-input\":{\"@type\":\"PropertyValueSpecification\",\"valueRequired\":true,\"valueName\":\"search_term_string\"}}],\"inLanguage\":\"pt-BR\"},{\"@type\":\"Organization\",\"@id\":\"https:\\\/\\\/spinstitucional.com.br\\\/sports\\\/#organization\",\"name\":\"SP Sports\",\"url\":\"https:\\\/\\\/spinstitucional.com.br\\\/sports\\\/\",\"logo\":{\"@type\":\"ImageObject\",\"inLanguage\":\"pt-BR\",\"@id\":\"https:\\\/\\\/spinstitucional.com.br\\\/sports\\\/#\\\/schema\\\/logo\\\/image\\\/\",\"url\":\"https:\\\/\\\/spinstitucional.com.br\\\/sports\\\/wp-content\\\/uploads\\\/2023\\\/03\\\/logo-sp-sports-150x75-1.png\",\"contentUrl\":\"https:\\\/\\\/spinstitucional.com.br\\\/sports\\\/wp-content\\\/uploads\\\/2023\\\/03\\\/logo-sp-sports-150x75-1.png\",\"width\":150,\"height\":75,\"caption\":\"SP Sports\"},\"image\":{\"@id\":\"https:\\\/\\\/spinstitucional.com.br\\\/sports\\\/#\\\/schema\\\/logo\\\/image\\\/\"},\"sameAs\":[\"https:\\\/\\\/www.facebook.com\\\/spsports1\",\"https:\\\/\\\/www.instagram.com\\\/sp__sports\\\/\"]}]}<\/script>\n<!-- \/ Yoast SEO plugin. -->","yoast_head_json":{"title":"Kit 4 Camiseta Esportiva Academia Treino Prote\u00e7\u00e3o Solar UV 50+ - SP Sports","robots":{"index":"index","follow":"follow","max-snippet":"max-snippet:-1","max-image-preview":"max-image-preview:large","max-video-preview":"max-video-preview:-1"},"canonical":"https:\/\/spinstitucional.com.br\/sports\/produto\/kit-4-camiseta-esportiva-academia-treino-protecao-solar-uv-50\/","og_locale":"pt_BR","og_type":"article","og_title":"Kit 4 Camiseta Esportiva Academia Treino Prote\u00e7\u00e3o Solar UV 50+ - SP Sports","og_description":"ENVIO IMEDIATO PARA TODO O BRASIL Kit 4 Camisetas Academia Esportiva Prote\u00e7\u00e3o Solar UV 50+ \u00a0 Descri\u00e7\u00e3o T\u00e9cnica A Camiseta Slim Dry SP Sports, \u00e9 uma pe\u00e7a funcional e minimalista, que possui um design leve e benef\u00edcios tecnol\u00f3gicos, que proporcionam conforto e potencializam seu desempenho esportivo. S\u00e3o confeccionadas em Poliamida com Elastano, oferecem conforto, excelente&hellip;","og_url":"https:\/\/spinstitucional.com.br\/sports\/produto\/kit-4-camiseta-esportiva-academia-treino-protecao-solar-uv-50\/","og_site_name":"SP Sports","article_publisher":"https:\/\/www.facebook.com\/spsports1","article_modified_time":"2023-10-04T18:43:04+00:00","og_image":[{"width":1200,"height":1200,"url":"https:\/\/spinstitucional.com.br\/sports\/wp-content\/uploads\/2023\/03\/15179652823_Combo_Camiseta_Esportiva_Unissex_Protecao_Solar_UV_50__Sp_Sport_Preta_Patch_Crystal_Edit_Core-1.jpg","type":"image\/jpeg"}],"twitter_card":"summary_large_image","twitter_misc":{"Est. tempo de leitura":"1 minuto"},"schema":{"@context":"https:\/\/schema.org","@graph":[{"@type":"WebPage","@id":"https:\/\/spinstitucional.com.br\/sports\/produto\/kit-4-camiseta-esportiva-academia-treino-protecao-solar-uv-50\/","url":"https:\/\/spinstitucional.com.br\/sports\/produto\/kit-4-camiseta-esportiva-academia-treino-protecao-solar-uv-50\/","name":"Kit 4 Camiseta Esportiva Academia Treino Prote\u00e7\u00e3o Solar UV 50+ - SP Sports","isPartOf":{"@id":"https:\/\/spinstitucional.com.br\/sports\/#website"},"primaryImageOfPage":{"@id":"https:\/\/spinstitucional.com.br\/sports\/produto\/kit-4-camiseta-esportiva-academia-treino-protecao-solar-uv-50\/#primaryimage"},"image":{"@id":"https:\/\/spinstitucional.com.br\/sports\/produto\/kit-4-camiseta-esportiva-academia-treino-protecao-solar-uv-50\/#primaryimage"},"thumbnailUrl":"https:\/\/spinstitucional.com.br\/sports\/wp-content\/uploads\/2023\/03\/15179652823_Combo_Camiseta_Esportiva_Unissex_Protecao_Solar_UV_50__Sp_Sport_Preta_Patch_Crystal_Edit_Core-1.jpg","datePublished":"2023-03-24T12:34:02+00:00","dateModified":"2023-10-04T18:43:04+00:00","breadcrumb":{"@id":"https:\/\/spinstitucional.com.br\/sports\/produto\/kit-4-camiseta-esportiva-academia-treino-protecao-solar-uv-50\/#breadcrumb"},"inLanguage":"pt-BR","potentialAction":[{"@type":"ReadAction","target":["https:\/\/spinstitucional.com.br\/sports\/produto\/kit-4-camiseta-esportiva-academia-treino-protecao-solar-uv-50\/"]}]},{"@type":"ImageObject","inLanguage":"pt-BR","@id":"https:\/\/spinstitucional.com.br\/sports\/produto\/kit-4-camiseta-esportiva-academia-treino-protecao-solar-uv-50\/#primaryimage","url":"https:\/\/spinstitucional.com.br\/sports\/wp-content\/uploads\/2023\/03\/15179652823_Combo_Camiseta_Esportiva_Unissex_Protecao_Solar_UV_50__Sp_Sport_Preta_Patch_Crystal_Edit_Core-1.jpg","contentUrl":"https:\/\/spinstitucional.com.br\/sports\/wp-content\/uploads\/2023\/03\/15179652823_Combo_Camiseta_Esportiva_Unissex_Protecao_Solar_UV_50__Sp_Sport_Preta_Patch_Crystal_Edit_Core-1.jpg","width":1200,"height":1200},{"@type":"BreadcrumbList","@id":"https:\/\/spinstitucional.com.br\/sports\/produto\/kit-4-camiseta-esportiva-academia-treino-protecao-solar-uv-50\/#breadcrumb","itemListElement":[{"@type":"ListItem","position":1,"name":"In\u00edcio","item":"https:\/\/spinstitucional.com.br\/sports\/"},{"@type":"ListItem","position":2,"name":"Loja","item":"https:\/\/spinstitucional.com.br\/sports\/loja\/"},{"@type":"ListItem","position":3,"name":"Kit 4 Camiseta Esportiva Academia Treino Prote\u00e7\u00e3o Solar UV 50+"}]},{"@type":"WebSite","@id":"https:\/\/spinstitucional.com.br\/sports\/#website","url":"https:\/\/spinstitucional.com.br\/sports\/","name":"SP Sports","description":"Loja De Artigos Esportivos !","publisher":{"@id":"https:\/\/spinstitucional.com.br\/sports\/#organization"},"potentialAction":[{"@type":"SearchAction","target":{"@type":"EntryPoint","urlTemplate":"https:\/\/spinstitucional.com.br\/sports\/?s={search_term_string}"},"query-input":{"@type":"PropertyValueSpecification","valueRequired":true,"valueName":"search_term_string"}}],"inLanguage":"pt-BR"},{"@type":"Organization","@id":"https:\/\/spinstitucional.com.br\/sports\/#organization","name":"SP Sports","url":"https:\/\/spinstitucional.com.br\/sports\/","logo":{"@type":"ImageObject","inLanguage":"pt-BR","@id":"https:\/\/spinstitucional.com.br\/sports\/#\/schema\/logo\/image\/","url":"https:\/\/spinstitucional.com.br\/sports\/wp-content\/uploads\/2023\/03\/logo-sp-sports-150x75-1.png","contentUrl":"https:\/\/spinstitucional.com.br\/sports\/wp-content\/uploads\/2023\/03\/logo-sp-sports-150x75-1.png","width":150,"height":75,"caption":"SP Sports"},"image":{"@id":"https:\/\/spinstitucional.com.br\/sports\/#\/schema\/logo\/image\/"},"sameAs":["https:\/\/www.facebook.com\/spsports1","https:\/\/www.instagram.com\/sp__sports\/"]}]}},"_links":{"self":[{"href":"https:\/\/spinstitucional.com.br\/sports\/wp-json\/wp\/v2\/product\/334","targetHints":{"allow":["GET"]}}],"collection":[{"href":"https:\/\/spinstitucional.com.br\/sports\/wp-json\/wp\/v2\/product"}],"about":[{"href":"https:\/\/spinstitucional.com.br\/sports\/wp-json\/wp\/v2\/types\/product"}],"replies":[{"embeddable":true,"href":"https:\/\/spinstitucional.com.br\/sports\/wp-json\/wp\/v2\/comments?post=334"}],"wp:featuredmedia":[{"embeddable":true,"href":"https:\/\/spinstitucional.com.br\/sports\/wp-json\/wp\/v2\/media\/333"}],"wp:attachment":[{"href":"https:\/\/spinstitucional.com.br\/sports\/wp-json\/wp\/v2\/media?parent=334"}],"wp:term":[{"taxonomy":"product_brand","embeddable":true,"href":"https:\/\/spinstitucional.com.br\/sports\/wp-json\/wp\/v2\/product_brand?post=334"},{"taxonomy":"product_cat","embeddable":true,"href":"https:\/\/spinstitucional.com.br\/sports\/wp-json\/wp\/v2\/product_cat?post=334"},{"taxonomy":"product_tag","embeddable":true,"href":"https:\/\/spinstitucional.com.br\/sports\/wp-json\/wp\/v2\/product_tag?post=334"}],"curies":[{"name":"wp","href":"https:\/\/api.w.org\/{rel}","templated":true}]}}